{"id":3848,"date":"2023-09-07T11:05:48","date_gmt":"2023-09-07T08:05:48","guid":{"rendered":"https:\/\/dcmplatform1.nl\/DotComMedia\/?page_id=3848"},"modified":"2023-09-07T11:12:04","modified_gmt":"2023-09-07T08:12:04","slug":"iletisim","status":"publish","type":"page","link":"https:\/\/dcmplatform1.nl\/DotComMedia\/tr\/iletisim\/","title":{"rendered":"\u0130leti\u015fim"},"content":{"rendered":"\t\t<div data-elementor-type=\"wp-page\" data-elementor-id=\"3848\" class=\"elementor elementor-3848\" data-elementor-post-type=\"page\">\n\t\t\t\t\t\t<section class=\"elementor-section elementor-top-section elementor-element elementor-element-5554d97 bdt-particles-yes elementor-section-boxed elementor-section-height-default elementor-section-height-default\" data-id=\"5554d97\" data-element_type=\"section\" data-settings=\"{&quot;section_particles_on&quot;:&quot;yes&quot;}\">\n\t\t\t\t\t\t<div class=\"elementor-container elementor-column-gap-default\">\n\t\t\t\t\t<div class=\"elementor-column elementor-col-100 elementor-top-column elementor-element elementor-element-6f9db1b\" data-id=\"6f9db1b\" data-element_type=\"column\">\n\t\t\t<div class=\"elementor-widget-wrap elementor-element-populated\">\n\t\t\t\t\t\t<div class=\"elementor-element elementor-element-ee9166b elementor-widget__width-auto elementor-invisible elementor-widget elementor-widget-text-editor\" data-id=\"ee9166b\" data-element_type=\"widget\" data-settings=\"{&quot;_animation&quot;:&quot;fadeInUp&quot;,&quot;_animation_delay&quot;:100}\" data-widget_type=\"text-editor.default\">\n\t\t\t\t<div class=\"elementor-widget-container\">\n\t\t\t\t\t\t\t\t\t<strong>\u0130leti\u015fim<\/strong>\t\t\t\t\t\t\t\t<\/div>\n\t\t\t\t<\/div>\n\t\t\t\t<div class=\"elementor-element elementor-element-0235dd0 elementor-widget elementor-widget-spacer\" data-id=\"0235dd0\" data-element_type=\"widget\" data-widget_type=\"spacer.default\">\n\t\t\t\t<div class=\"elementor-widget-container\">\n\t\t\t\t\t\t\t<div class=\"elementor-spacer\">\n\t\t\t<div class=\"elementor-spacer-inner\"><\/div>\n\t\t<\/div>\n\t\t\t\t\t\t<\/div>\n\t\t\t\t<\/div>\n\t\t\t\t<div class=\"elementor-element elementor-element-b0e4a6b elementor-widget elementor-widget-heading\" data-id=\"b0e4a6b\" data-element_type=\"widget\" data-widget_type=\"heading.default\">\n\t\t\t\t<div class=\"elementor-widget-container\">\n\t\t\t\t\t<h1 class=\"elementor-heading-title elementor-size-default\">Bizimle ileti\u015fime ge\u00e7in.<\/h1>\t\t\t\t<\/div>\n\t\t\t\t<\/div>\n\t\t\t\t<div class=\"elementor-element elementor-element-97efd62 elementor-widget elementor-widget-text-editor\" data-id=\"97efd62\" data-element_type=\"widget\" data-widget_type=\"text-editor.default\">\n\t\t\t\t<div class=\"elementor-widget-container\">\n\t\t\t\t\t\t\t\t\tBizimle ileti\u015fime ge\u00e7in. Sizinle ileti\u015fime ge\u00e7mekten mutluluk duyuyoruz. \u0130leti\u015fim formumuzu kullanarak bize mesaj g\u00f6nderebilir veya a\u015fa\u011f\u0131da belirtilen ileti\u015fim kanallar\u0131ndan bize ula\u015fabilirsiniz. Sizlere daha iyi hizmet vermek i\u00e7in buraday\u0131z ve size yard\u0131mc\u0131 olmaktan mutluluk duyar\u0131z.\t\t\t\t\t\t\t\t<\/div>\n\t\t\t\t<\/div>\n\t\t\t\t<div class=\"elementor-element elementor-element-2d67825 elementor-widget elementor-widget-spacer\" data-id=\"2d67825\" data-element_type=\"widget\" data-widget_type=\"spacer.default\">\n\t\t\t\t<div class=\"elementor-widget-container\">\n\t\t\t\t\t\t\t<div class=\"elementor-spacer\">\n\t\t\t<div class=\"elementor-spacer-inner\"><\/div>\n\t\t<\/div>\n\t\t\t\t\t\t<\/div>\n\t\t\t\t<\/div>\n\t\t\t\t\t<\/div>\n\t\t<\/div>\n\t\t\t\t\t<\/div>\n\t\t<\/section>\n\t\t\t\t<div class=\"elementor-section elementor-top-section elementor-element elementor-element-f79dc96 elementor-section-boxed elementor-section-height-default elementor-section-height-default\" data-id=\"f79dc96\" data-element_type=\"section\">\n\t\t\t\t\t\t<div class=\"elementor-container elementor-column-gap-default\">\n\t\t\t\t\t<div class=\"elementor-column elementor-col-100 elementor-top-column elementor-element elementor-element-404ff4fa\" data-id=\"404ff4fa\" data-element_type=\"column\">\n\t\t\t<div class=\"elementor-widget-wrap elementor-element-populated\">\n\t\t\t\t\t\t<div class=\"elementor-element elementor-element-6031cfb5 elementor-widget__width-inherit elementor-widget elementor-widget-text-editor\" data-id=\"6031cfb5\" data-element_type=\"widget\" data-widget_type=\"text-editor.default\">\n\t\t\t\t<div class=\"elementor-widget-container\">\n\t\t\t\t\t\t\t\t\tD\u00fcnya \u00e7ap\u0131nda hizmetinizdeyiz.\t\t\t\t\t\t\t\t<\/div>\n\t\t\t\t<\/div>\n\t\t\t\t<div class=\"elementor-element elementor-element-61519160 elementor-widget elementor-widget-bdt-marker\" data-id=\"61519160\" data-element_type=\"widget\" data-widget_type=\"bdt-marker.default\">\n\t\t\t\t<div class=\"elementor-widget-container\">\n\t\t\t\t\t\n\t\t<div class=\"bdt-marker-wrapper bdt-inline bdt-dark bdt-marker-animated\" id=\"bdt-marker-61519160\" data-bdt-scrollspy=\"target: .bdt-marker-wrapper &gt; a.bdt-marker-item; cls:bdt-animation-scale-up; delay: 300;\" data-bdt-lightbox=\"toggle: .bdt-marker-lightbox-item; animation: slide;\">\n\n\t\t\t<img fetchpriority=\"high\" decoding=\"async\" width=\"1538\" height=\"733\" src=\"https:\/\/dcmplatform1.nl\/DotComMedia\/wp-content\/uploads\/Team-Testimonials-BG-Image.webp\" class=\"attachment-full size-full wp-image-3504\" alt=\"\" srcset=\"https:\/\/dcmplatform1.nl\/DotComMedia\/wp-content\/uploads\/Team-Testimonials-BG-Image.webp 1538w, https:\/\/dcmplatform1.nl\/DotComMedia\/wp-content\/uploads\/Team-Testimonials-BG-Image-300x143.webp 300w, https:\/\/dcmplatform1.nl\/DotComMedia\/wp-content\/uploads\/Team-Testimonials-BG-Image-1024x488.webp 1024w, https:\/\/dcmplatform1.nl\/DotComMedia\/wp-content\/uploads\/Team-Testimonials-BG-Image-768x366.webp 768w, https:\/\/dcmplatform1.nl\/DotComMedia\/wp-content\/uploads\/Team-Testimonials-BG-Image-1536x732.webp 1536w, https:\/\/dcmplatform1.nl\/DotComMedia\/wp-content\/uploads\/Team-Testimonials-BG-Image-650x310.webp 650w\" sizes=\"(max-width: 1538px) 100vw, 1538px\" \/>\t\t\t\t<a class=\"bdt-marker-item bdt-position-absolute bdt-marker bdt-icon elementor-repeater-item-b5c4eaa bdt-tippy-tooltip\" data-tippy-content=\"&lt;p&gt;Hollanda&lt;\/p&gt;\" target=\"_self\" href=\"javascript:void(0);\" data-tippy=\"\" data-tippy-placement=\"top\" data-tippy-animation=\"shift-away\" data-tippy-arrow=\"false\">\n\n\t\t\t\t\t\t\t\t\t\t\t<i aria-hidden=\"true\" class=\"fas fa-circle\"><\/i>\n\t\t\t\t<\/a>\n\t\t\t\t\t\t\t\t<a class=\"bdt-marker-item bdt-position-absolute bdt-marker bdt-icon elementor-repeater-item-b96b8f0 bdt-tippy-tooltip\" data-tippy-content=\"&lt;p&gt;T\u00fcrkiye&lt;\/p&gt;\" target=\"_self\" href=\"javascript:void(0);\" data-tippy=\"\" data-tippy-placement=\"top\" data-tippy-animation=\"shift-away\" data-tippy-arrow=\"false\">\n\n\t\t\t\t\t\t\t\t\t\t\t<i aria-hidden=\"true\" class=\"fas fa-circle\"><\/i>\n\t\t\t\t<\/a>\n\t\t\t\t\t\t\t\t<a class=\"bdt-marker-item bdt-position-absolute bdt-marker bdt-icon elementor-repeater-item-8b13ce4 bdt-tippy-tooltip\" data-tippy-content=\"&lt;p&gt;\u0130ngiltere&lt;\/p&gt;\" target=\"_self\" href=\"javascript:void(0);\" data-tippy=\"\" data-tippy-placement=\"top\" data-tippy-animation=\"shift-away\" data-tippy-arrow=\"false\">\n\n\t\t\t\t\t\t\t\t\t\t\t<i aria-hidden=\"true\" class=\"fas fa-circle\"><\/i>\n\t\t\t\t<\/a>\n\t\t\t\t\n\t\t<\/div>\n\n\t\t\n\t\t\n\t\t\t\t\t\t<\/div>\n\t\t\t\t<\/div>\n\t\t\t\t\t<\/div>\n\t\t<\/div>\n\t\t\t\t\t<\/div>\n\t\t<\/div>\n\t\t\t\t<section class=\"elementor-section elementor-top-section elementor-element elementor-element-b7ed59b elementor-section-boxed elementor-section-height-default elementor-section-height-default\" data-id=\"b7ed59b\" data-element_type=\"section\">\n\t\t\t\t\t\t<div class=\"elementor-container elementor-column-gap-default\">\n\t\t\t\t\t<div class=\"elementor-column elementor-col-50 elementor-top-column elementor-element elementor-element-57c978e\" data-id=\"57c978e\" data-element_type=\"column\">\n\t\t\t<div class=\"elementor-widget-wrap elementor-element-populated\">\n\t\t\t\t\t\t<div class=\"elementor-element elementor-element-88050aa elementor-widget elementor-widget-text-editor\" data-id=\"88050aa\" data-element_type=\"widget\" data-widget_type=\"text-editor.default\">\n\t\t\t\t<div class=\"elementor-widget-container\">\n\t\t\t\t\t\t\t\t\t<h2>DCM T\u00fcrkiye Ofisi<\/h2><p><b>\u00c7al\u0131\u015fma Saatleri<\/b><br \/>\n<span class=\"mb-bhi-display mb-bhi-closed\">\n\t<span class=\"mb-bhi-oc-text\">Sorry, we&#8217;re closed<\/span><\/span>\n<table class=\"mabel-bhi-businesshours\"><tr ><td>Monday &#8211; Friday<\/td><td>10:00 &mdash; 20:00<\/td><\/tr><tr class=\"mbhi-is-current\"><td>Saturday &#8211; Sunday<\/td><td>Closed<\/td><\/tr><\/table><\/p><p><b>WhatsApp<\/b><br \/><a href=\"https:\/\/wa.me\/905551907050\" target=\"_blank\" rel=\"noopener\">0555 190 70 50<\/a><\/p><p><b>Telefon<\/b><br \/><a href=\"tel:+90555 3190 70 50 80\">0555 190 70 50<\/a><\/p><p><b>Telefon<\/b><br \/><a href=\"tel:+90850 308 03 26 80\">0850 308 03 26<\/a><\/p><p><b>E-posta<\/b><br \/><a href=\"mailto: info@dotcommedia.online\">info@dotcommedia.online<\/a><\/p><p><a href=\"mailto: dotcommediainternetagency@gmail.com\">dotcommediainternetagency@gmail.com<\/a><\/p>\t\t\t\t\t\t\t\t<\/div>\n\t\t\t\t<\/div>\n\t\t\t\t\t<\/div>\n\t\t<\/div>\n\t\t\t\t<div class=\"elementor-column elementor-col-50 elementor-top-column elementor-element elementor-element-7a878fe\" data-id=\"7a878fe\" data-element_type=\"column\">\n\t\t\t<div class=\"elementor-widget-wrap elementor-element-populated\">\n\t\t\t\t\t\t<div class=\"elementor-element elementor-element-6d4d6df elementor-widget elementor-widget-text-editor\" data-id=\"6d4d6df\" data-element_type=\"widget\" data-widget_type=\"text-editor.default\">\n\t\t\t\t<div class=\"elementor-widget-container\">\n\t\t\t\t\t\t\t\t\t<h2>DCM Hollanda Ofisi<\/h2><p><b>\u00c7al\u0131\u015fma Saatleri<\/b><br \/>\n<span class=\"mb-bhi-display mb-bhi-closed\">\n\t<span class=\"mb-bhi-oc-text\">Sorry, we&#8217;re closed<\/span><\/span>\n<br \/><table class=\"mabel-bhi-businesshours\"><tr ><td>Monday &#8211; Friday<\/td><td>10:00 &mdash; 20:00<\/td><\/tr><tr class=\"mbhi-is-current\"><td>Saturday &#8211; Sunday<\/td><td>Closed<\/td><\/tr><\/table><\/p><p><b>WhatsApp<\/b><br \/><a href=\"https:\/\/wa.me\/908503080326\" target=\"_blank\" rel=\"noopener\">0850 308 03 26<\/a><\/p><p><b>Telefon<\/b><br \/><a href=\"tel:+90850 308 03 26 80\">0850 308 03 26<\/a><\/p><p><b>Telefon<\/b><br \/><a href=\"tel:+90850 308 03 26 80\">0850 308 03 26<\/a><\/p><p><b>E-posta<\/b><br \/><a href=\"mailto: info@dotcommedia.online\">info@dotcommedia.online<\/a><\/p><p><a href=\"mailto: dotcommediainternetagency@gmail.com\">dotcommediainternetagency@gmail.com<\/a><\/p>\t\t\t\t\t\t\t\t<\/div>\n\t\t\t\t<\/div>\n\t\t\t\t\t<\/div>\n\t\t<\/div>\n\t\t\t\t\t<\/div>\n\t\t<\/section>\n\t\t\t\t<section class=\"elementor-section elementor-top-section elementor-element elementor-element-b33bf94 elementor-section-boxed elementor-section-height-default elementor-section-height-default\" data-id=\"b33bf94\" data-element_type=\"section\" data-settings=\"{&quot;background_background&quot;:&quot;classic&quot;}\">\n\t\t\t\t\t\t<div class=\"elementor-container elementor-column-gap-default\">\n\t\t\t\t\t<div class=\"elementor-column elementor-col-100 elementor-top-column elementor-element elementor-element-372885e\" data-id=\"372885e\" data-element_type=\"column\" data-settings=\"{&quot;background_background&quot;:&quot;classic&quot;}\">\n\t\t\t<div class=\"elementor-widget-wrap elementor-element-populated\">\n\t\t\t\t\t\t<div class=\"elementor-element elementor-element-bb60c4f elementor-widget__width-initial bdt-gravity-form-button-custom elementor-widget elementor-widget-bdt-gravity-form\" data-id=\"bb60c4f\" data-element_type=\"widget\" data-widget_type=\"bdt-gravity-form.default\">\n\t\t\t\t<div class=\"elementor-widget-container\">\n\t\t\t\t\t\t\t\n\t\t<div class=\"bdt-gravity-forms\">\n\t\t\t<script type=\"text\/javascript\">var gform;gform||(document.addEventListener(\"gform_main_scripts_loaded\",function(){gform.scriptsLoaded=!0}),window.addEventListener(\"DOMContentLoaded\",function(){gform.domLoaded=!0}),gform={domLoaded:!1,scriptsLoaded:!1,initializeOnLoaded:function(o){gform.domLoaded&&gform.scriptsLoaded?o():!gform.domLoaded&&gform.scriptsLoaded?window.addEventListener(\"DOMContentLoaded\",o):document.addEventListener(\"gform_main_scripts_loaded\",o)},hooks:{action:{},filter:{}},addAction:function(o,n,r,t){gform.addHook(\"action\",o,n,r,t)},addFilter:function(o,n,r,t){gform.addHook(\"filter\",o,n,r,t)},doAction:function(o){gform.doHook(\"action\",o,arguments)},applyFilters:function(o){return gform.doHook(\"filter\",o,arguments)},removeAction:function(o,n){gform.removeHook(\"action\",o,n)},removeFilter:function(o,n,r){gform.removeHook(\"filter\",o,n,r)},addHook:function(o,n,r,t,i){null==gform.hooks[o][n]&&(gform.hooks[o][n]=[]);var e=gform.hooks[o][n];null==i&&(i=n+\"_\"+e.length),gform.hooks[o][n].push({tag:i,callable:r,priority:t=null==t?10:t})},doHook:function(n,o,r){var t;if(r=Array.prototype.slice.call(r,1),null!=gform.hooks[n][o]&&((o=gform.hooks[n][o]).sort(function(o,n){return o.priority-n.priority}),o.forEach(function(o){\"function\"!=typeof(t=o.callable)&&(t=window[t]),\"action\"==n?t.apply(null,r):r[0]=t.apply(null,r)})),\"filter\"==n)return r[0]},removeHook:function(o,n,t,i){var r;null!=gform.hooks[o][n]&&(r=(r=gform.hooks[o][n]).filter(function(o,n,r){return!!(null!=i&&i!=o.tag||null!=t&&t!=o.priority)}),gform.hooks[o][n]=r)}});<\/script>\n                <div class='gf_browser_gecko gform_wrapper gravity-theme gform-theme--no-framework' data-form-theme='gravity-theme' data-form-index='0' id='gform_wrapper_3' >\n                        <div class='gform_heading'>\n                            <p class='gform_description'><\/p>\n\t\t\t\t\t\t\t<p class='gform_required_legend'>&quot;<span class=\"gfield_required gfield_required_asterisk\">*<\/span>&quot; indicates required fields<\/p>\n                        <\/div><form method='post' enctype='multipart\/form-data'  id='gform_3'  action='\/DotComMedia\/wp-json\/wp\/v2\/pages\/3848' data-formid='3' >\n                        <div class='gform-body gform_body'><div id='gform_fields_3' class='gform_fields top_label form_sublabel_above description_above'><div id=\"field_3_4\"  class=\"gfield gfield--type-text gfield--width-full gfield_contains_required field_sublabel_above gfield--no-description field_description_above gfield_visibility_visible\"  data-js-reload=\"field_3_4\"><label class='gfield_label gform-field-label' for='input_3_4' >Ad Soyad<span class=\"gfield_required\"><span class=\"gfield_required gfield_required_asterisk\">*<\/span><\/span><\/label><div class='ginput_container ginput_container_text'><input name='input_4' id='input_3_4' type='text' value='' class='large'     aria-required=\"true\" aria-invalid=\"false\"   \/> <\/div><\/div><div id=\"field_3_2\"  class=\"gfield gfield--type-email gfield_contains_required field_sublabel_above gfield--no-description field_description_above gfield_visibility_visible\"  data-js-reload=\"field_3_2\"><label class='gfield_label gform-field-label' for='input_3_2' >E-posta<span class=\"gfield_required\"><span class=\"gfield_required gfield_required_asterisk\">*<\/span><\/span><\/label><div class='ginput_container ginput_container_email'>\n                            <input name='input_2' id='input_3_2' type='text' value='' class='large'    aria-required=\"true\" aria-invalid=\"false\"  \/>\n                        <\/div><\/div><div id=\"field_3_6\"  class=\"gfield gfield--type-phone gfield--width-full gfield_contains_required field_sublabel_above gfield--no-description field_description_above gfield_visibility_visible\"  data-js-reload=\"field_3_6\"><label class='gfield_label gform-field-label' for='input_3_6' >Telefon<span class=\"gfield_required\"><span class=\"gfield_required gfield_required_asterisk\">*<\/span><\/span><\/label><div class='ginput_container ginput_container_phone'><input name='input_6' id='input_3_6' type='text' value='' class='large'   aria-required=\"true\" aria-invalid=\"false\"   \/><\/div><\/div><div id=\"field_3_5\"  class=\"gfield gfield--type-select gfield--width-full gfield_contains_required field_sublabel_above gfield--no-description field_description_above gfield_visibility_visible\"  data-js-reload=\"field_3_5\"><label class='gfield_label gform-field-label' for='input_3_5' >Konu<span class=\"gfield_required\"><span class=\"gfield_required gfield_required_asterisk\">*<\/span><\/span><\/label><div class='ginput_container ginput_container_select'><select name='input_5' id='input_3_5' class='large gfield_select'    aria-required=\"true\" aria-invalid=\"false\" ><option value='Soru\/Problem\/Destek Talebi' >Soru\/Problem\/Destek Talebi<\/option><option value='Sat\u0131\u015f\/Yeni Proje' >Sat\u0131\u015f\/Yeni Proje<\/option><option value='Geri Arama Talebi' >Geri Arama Talebi<\/option><option value='Di\u011fer' >Di\u011fer<\/option><\/select><\/div><\/div><div id=\"field_3_3\"  class=\"gfield gfield--type-textarea gfield_contains_required field_sublabel_above gfield--no-description field_description_below gfield_visibility_visible\"  data-js-reload=\"field_3_3\"><label class='gfield_label gform-field-label' for='input_3_3' >Mesaj<span class=\"gfield_required\"><span class=\"gfield_required gfield_required_asterisk\">*<\/span><\/span><\/label><div class='ginput_container ginput_container_textarea'><textarea name='input_3' id='input_3_3' class='textarea medium'   maxlength='600'  aria-required=\"true\" aria-invalid=\"false\"   rows='10' cols='50'><\/textarea><\/div><\/div><\/div><\/div>\n        <div class='gform_footer top_label'> <input type='submit' id='gform_submit_button_3' class='gform_button button' value='G\u00f6nder'  onclick='if(window[\"gf_submitting_3\"]){return false;}  window[\"gf_submitting_3\"]=true;  ' onkeypress='if( event.keyCode == 13 ){ if(window[\"gf_submitting_3\"]){return false;} window[\"gf_submitting_3\"]=true;  jQuery(\"#gform_3\").trigger(\"submit\",[true]); }' \/> \n            <input type='hidden' class='gform_hidden' name='is_submit_3' value='1' \/>\n            <input type='hidden' class='gform_hidden' name='gform_submit' value='3' \/>\n            \n            <input type='hidden' class='gform_hidden' name='gform_unique_id' value='' \/>\n            <input type='hidden' class='gform_hidden' name='state_3' value='WyJ7XCI1XCI6W1wiNzQ4MmQxNWMyMTk5NmIxN2JlMzM3YWEyMjhhYjQwN2JcIixcIjM0M2I4ZWM3MWNiOGMzMmVkZDhhNWMyNGRhZDEzZTU3XCIsXCJkYmI1NTVkNTM0N2M2OGJmOGY3ZGYxZjVkYjkzOWVkN1wiLFwiYTBiOWYxMTU1N2IxYWZjOTIwZmZjNDg4MDg0MjI3YzJcIl19IiwiZDU4NzY2OGQ3MmUwYWQ5YzI3ZTVhMTU1YzNkNWU0ZTIiXQ==' \/>\n            <input type='hidden' class='gform_hidden' name='gform_target_page_number_3' id='gform_target_page_number_3' value='0' \/>\n            <input type='hidden' class='gform_hidden' name='gform_source_page_number_3' id='gform_source_page_number_3' value='1' \/>\n            <input type='hidden' name='gform_field_values' value='' \/>\n            \n        <\/div>\n                        <\/form>\n                        <\/div><script>\ngform.initializeOnLoaded( function() {gformInitSpinner( 3, 'https:\/\/dcmplatform1.nl\/DotComMedia\/wp-content\/plugins\/gravityforms\/images\/spinner.svg', true );jQuery('#gform_ajax_frame_3').on('load',function(){var contents = jQuery(this).contents().find('*').html();var is_postback = contents.indexOf('GF_AJAX_POSTBACK') >= 0;if(!is_postback){return;}var form_content = jQuery(this).contents().find('#gform_wrapper_3');var is_confirmation = jQuery(this).contents().find('#gform_confirmation_wrapper_3').length > 0;var is_redirect = contents.indexOf('gformRedirect(){') >= 0;var is_form = form_content.length > 0 && ! is_redirect && ! is_confirmation;var mt = parseInt(jQuery('html').css('margin-top'), 10) + parseInt(jQuery('body').css('margin-top'), 10) + 100;if(is_form){jQuery('#gform_wrapper_3').html(form_content.html());if(form_content.hasClass('gform_validation_error')){jQuery('#gform_wrapper_3').addClass('gform_validation_error');} else {jQuery('#gform_wrapper_3').removeClass('gform_validation_error');}setTimeout( function() { \/* delay the scroll by 50 milliseconds to fix a bug in chrome *\/  }, 50 );if(window['gformInitDatepicker']) {gformInitDatepicker();}if(window['gformInitPriceFields']) {gformInitPriceFields();}var current_page = jQuery('#gform_source_page_number_3').val();gformInitSpinner( 3, 'https:\/\/dcmplatform1.nl\/DotComMedia\/wp-content\/plugins\/gravityforms\/images\/spinner.svg', true );jQuery(document).trigger('gform_page_loaded', [3, current_page]);window['gf_submitting_3'] = false;}else if(!is_redirect){var confirmation_content = jQuery(this).contents().find('.GF_AJAX_POSTBACK').html();if(!confirmation_content){confirmation_content = contents;}setTimeout(function(){jQuery('#gform_wrapper_3').replaceWith(confirmation_content);jQuery(document).trigger('gform_confirmation_loaded', [3]);window['gf_submitting_3'] = false;wp.a11y.speak(jQuery('#gform_confirmation_message_3').text());}, 50);}else{jQuery('#gform_3').append(contents);if(window['gformRedirect']) {gformRedirect();}}jQuery(document).trigger('gform_post_render', [3, current_page]);} );} );\n<\/script>\n\t\t<\/div>\n\t\t\t\t\t\t<\/div>\n\t\t\t\t<\/div>\n\t\t\t\t\t<\/div>\n\t\t<\/div>\n\t\t\t\t\t<\/div>\n\t\t<\/section>\n\t\t\t\t<\/div>\n\t\t","protected":false},"excerpt":{"rendered":"<p>\u0130leti\u015fim Bizimle ileti\u015fime ge\u00e7in. Bizimle ileti\u015fime ge\u00e7in. Sizinle ileti\u015fime ge\u00e7mekten mutluluk duyuyoruz. \u0130leti\u015fim formumuzu kullanarak bize mesaj g\u00f6nderebilir veya a\u015fa\u011f\u0131da belirtilen ileti\u015fim [&hellip;]<\/p>\n","protected":false},"author":1,"featured_media":0,"parent":0,"menu_order":0,"comment_status":"closed","ping_status":"closed","template":"","meta":{"footnotes":""},"class_list":["post-3848","page","type-page","status-publish","hentry"],"lang":"tr","translations":{"tr":3848,"en":3833,"nl":3840},"pll_sync_post":[],"_links":{"self":[{"href":"https:\/\/dcmplatform1.nl\/DotComMedia\/wp-json\/wp\/v2\/pages\/3848","targetHints":{"allow":["GET"]}}],"collection":[{"href":"https:\/\/dcmplatform1.nl\/DotComMedia\/wp-json\/wp\/v2\/pages"}],"about":[{"href":"https:\/\/dcmplatform1.nl\/DotComMedia\/wp-json\/wp\/v2\/types\/page"}],"author":[{"embeddable":true,"href":"https:\/\/dcmplatform1.nl\/DotComMedia\/wp-json\/wp\/v2\/users\/1"}],"replies":[{"embeddable":true,"href":"https:\/\/dcmplatform1.nl\/DotComMedia\/wp-json\/wp\/v2\/comments?post=3848"}],"version-history":[{"count":0,"href":"https:\/\/dcmplatform1.nl\/DotComMedia\/wp-json\/wp\/v2\/pages\/3848\/revisions"}],"wp:attachment":[{"href":"https:\/\/dcmplatform1.nl\/DotComMedia\/wp-json\/wp\/v2\/media?parent=3848"}],"curies":[{"name":"wp","href":"https:\/\/api.w.org\/{rel}","templated":true}]}}